{"id":3040,"date":"2024-10-24T20:09:45","date_gmt":"2024-10-24T18:09:45","guid":{"rendered":"https:\/\/lesfablesdechycpolhit.maxopieces.com\/?page_id=3040"},"modified":"2024-11-28T18:06:49","modified_gmt":"2024-11-28T17:06:49","slug":"lapin-zinzin","status":"publish","type":"page","link":"https:\/\/lesfablesdechycpolhit.maxopieces.com\/index.php\/lapin-zinzin\/","title":{"rendered":"Lapin Zinzin"},"content":{"rendered":"<p>[et_pb_section fb_built=\u00a0\u00bb1&Prime; _builder_version=\u00a0\u00bb4.21.0&Prime; _module_preset=\u00a0\u00bbdefault\u00a0\u00bb global_colors_info=\u00a0\u00bb{}\u00a0\u00bb][et_pb_row _builder_version=\u00a0\u00bb4.21.0&Prime; _module_preset=\u00a0\u00bbdefault\u00a0\u00bb global_colors_info=\u00a0\u00bb{}\u00a0\u00bb][et_pb_column type=\u00a0\u00bb4_4&Prime; _builder_version=\u00a0\u00bb4.21.0&Prime; _module_preset=\u00a0\u00bbdefault\u00a0\u00bb global_colors_info=\u00a0\u00bb{}\u00a0\u00bb][et_pb_image src=\u00a0\u00bbhttp:\/\/lesfablesdechycpolhit.maxopieces.com\/wp-content\/uploads\/2024\/11\/LZ_Planche6b-copie-1.jpg\u00a0\u00bb title_text=\u00a0\u00bbLZ_Planche6b copie\u00a0\u00bb _builder_version=\u00a0\u00bb4.21.0&Prime; _module_preset=\u00a0\u00bbdefault\u00a0\u00bb module_alignment=\u00a0\u00bbcenter\u00a0\u00bb global_colors_info=\u00a0\u00bb{}\u00a0\u00bb][\/et_pb_image][\/et_pb_column][\/et_pb_row][et_pb_row _builder_version=\u00a0\u00bb4.21.0&Prime; _module_preset=\u00a0\u00bbdefault\u00a0\u00bb column_structure=\u00a0\u00bb1_3,1_3,1_3&Prime;][et_pb_column _builder_version=\u00a0\u00bb4.21.0&Prime; _module_preset=\u00a0\u00bbdefault\u00a0\u00bb type=\u00a0\u00bb1_3&Prime;][et_pb_image src=\u00a0\u00bbhttp:\/\/lesfablesdechycpolhit.maxopieces.com\/wp-content\/uploads\/2024\/11\/attention-danger-signe-attention-alerte-icone-logo-exclamation-alerte-vecteur-attention_41737-1005.webp\u00a0\u00bb _builder_version=\u00a0\u00bb4.21.0&Prime; _module_preset=\u00a0\u00bbdefault\u00a0\u00bb title_text=\u00a0\u00bbattention-danger-signe-attention-alerte-icone-logo-exclamation-alerte-vecteur-attention_41737-1005&Prime; hover_enabled=\u00a0\u00bb0&Prime; sticky_enabled=\u00a0\u00bb0&Prime;][\/et_pb_image][\/et_pb_column][et_pb_column _builder_version=\u00a0\u00bb4.21.0&Prime; _module_preset=\u00a0\u00bbdefault\u00a0\u00bb type=\u00a0\u00bb1_3&Prime;][et_pb_text _builder_version=\u00a0\u00bb4.21.0&Prime; _module_preset=\u00a0\u00bbdefault\u00a0\u00bb hover_enabled=\u00a0\u00bb0&Prime; sticky_enabled=\u00a0\u00bb0&Prime;]<\/p>\n<p><span style=\"color: #ff0000;\"><strong>L&rsquo;audio est en cours de cr\u00e9ation. Nous avons d\u00fb mettre en pause les \u00e9tapes de finalisation de la production\u00a0 en raison d&rsquo;une tourn\u00e9e spectacle qui nous occupe en Afrique durant tout ce mois de d\u00e9cembre.<br \/>Promis, d\u00e8s notre retours, on s&rsquo;en occupe. Merci de v\u00f4tre compr\u00e9hension. N&rsquo;h\u00e9sitez pas \u00e0 vous abonner sur notre page <a href=\"https:\/\/www.facebook.com\/trombinoznotes\" target=\"_blank\" rel=\"noopener\" style=\"color: #ff0000;\">Facebook .<\/a>D\u00e8s que c&rsquo;est pr\u00eat on vous informera sur nos r\u00e9seaux sociaux et par notre lettre de nouvelles.<\/strong><\/span><\/p>\n<p><span style=\"color: #ff0000;\"><strong>Merci de votre compr\u00e9hension.<\/strong><\/span><\/p>\n<p><span style=\"color: #ff0000;\"><strong>L&rsquo;\u00e9quipe de joyeux saltimbanques.<\/strong><\/span><\/p>\n<p>[\/et_pb_text][\/et_pb_column][et_pb_column _builder_version=\u00a0\u00bb4.21.0&Prime; _module_preset=\u00a0\u00bbdefault\u00a0\u00bb type=\u00a0\u00bb1_3&Prime;][\/et_pb_column][\/et_pb_row][et_pb_row column_structure=\u00a0\u00bb1_2,1_2&Prime; _builder_version=\u00a0\u00bb4.21.0&Prime; _module_preset=\u00a0\u00bbdefault\u00a0\u00bb global_colors_info=\u00a0\u00bb{}\u00a0\u00bb][et_pb_column type=\u00a0\u00bb1_2&Prime; _builder_version=\u00a0\u00bb4.21.0&Prime; _module_preset=\u00a0\u00bbdefault\u00a0\u00bb global_colors_info=\u00a0\u00bb{}\u00a0\u00bb][et_pb_image src=\u00a0\u00bbhttp:\/\/lesfablesdechycpolhit.maxopieces.com\/wp-content\/uploads\/2024\/11\/Titre_lapinZinzin.png\u00a0\u00bb title_text=\u00a0\u00bbTitre_lapinZinzin\u00a0\u00bb _builder_version=\u00a0\u00bb4.21.0&Prime; _module_preset=\u00a0\u00bbdefault\u00a0\u00bb custom_padding=\u00a0\u00bb||0px|||\u00a0\u00bb global_colors_info=\u00a0\u00bb{}\u00a0\u00bb][\/et_pb_image][et_pb_text _builder_version=\u00a0\u00bb4.21.0&Prime; _module_preset=\u00a0\u00bbdefault\u00a0\u00bb custom_margin=\u00a0\u00bb-60px|||||\u00a0\u00bb global_colors_info=\u00a0\u00bb{}\u00a0\u00bb]<\/p>\n<p>Nouvelle edition de l&rsquo;histoire dans un format similaire aux autres livre CD.<\/p>\n<p><strong>\u00a0Sacr\u00e9 Lapin Zinzin ! Il fait tout le contraire de ce qu\u2019on lui dit. Un jour, il p\u00e9n\u00e9tre dans la for\u00eat interdite. Mais \u00e0 peine est-il entr\u00e9, qu\u2019il lui arrive une terrible aventure qui changera son destin \u00e0 tout jamais.<\/strong><\/p>\n<p>La morale de cette histoire s\u2019adresse aux petites et grandes oreilles. Elle apporte un \u00e9clairage particulier sur des notions telles que l\u2019esp\u00e9rance, la foi, l\u2019amiti\u00e9 et la solidarit\u00e9. Dans un monde de plus en plus connect\u00e9, il nous faut red\u00e9couvrir une autre fa\u00e7on de se relier \u00e0 la vie.<\/p>\n<p>[\/et_pb_text][et_pb_button button_url=\u00a0\u00bbhttps:\/\/paraboleurs.com\/edition\/boutique\/\u00a0\u00bb button_text=\u00a0\u00bbCommander le livre\u00a0\u00bb button_alignment=\u00a0\u00bbcenter\u00a0\u00bb _builder_version=\u00a0\u00bb4.21.0&Prime; _module_preset=\u00a0\u00bbdefault\u00a0\u00bb custom_button=\u00a0\u00bbon\u00a0\u00bb button_text_size=\u00a0\u00bb28px\u00a0\u00bb button_text_color=\u00a0\u00bb#FFFFFF\u00a0\u00bb button_bg_color=\u00a0\u00bb#7CDA24&Prime; button_border_width=\u00a0\u00bb0px\u00a0\u00bb button_border_radius=\u00a0\u00bb30px\u00a0\u00bb hover_enabled=\u00a0\u00bb0&Prime; global_colors_info=\u00a0\u00bb{}\u00a0\u00bb sticky_enabled=\u00a0\u00bb0&Prime;][\/et_pb_button][\/et_pb_column][et_pb_column type=\u00a0\u00bb1_2&Prime; _builder_version=\u00a0\u00bb4.21.0&Prime; _module_preset=\u00a0\u00bbdefault\u00a0\u00bb global_colors_info=\u00a0\u00bb{}\u00a0\u00bb][et_pb_image src=\u00a0\u00bbhttp:\/\/lesfablesdechycpolhit.maxopieces.com\/wp-content\/uploads\/2024\/11\/LivreCD_LZ.png\u00a0\u00bb title_text=\u00a0\u00bbLivreCD_LZ\u00a0\u00bb _builder_version=\u00a0\u00bb4.21.0&Prime; _module_preset=\u00a0\u00bbdefault\u00a0\u00bb global_colors_info=\u00a0\u00bb{}\u00a0\u00bb][\/et_pb_image][\/et_pb_column][\/et_pb_row][\/et_pb_section][et_pb_section fb_built=\u00a0\u00bb1&Prime; _builder_version=\u00a0\u00bb4.21.0&Prime; _module_preset=\u00a0\u00bbdefault\u00a0\u00bb global_colors_info=\u00a0\u00bb{}\u00a0\u00bb][\/et_pb_section]<\/p>\n<span class=\"et_bloom_bottom_trigger\"><\/span>","protected":false},"excerpt":{"rendered":"<p>L&rsquo;audio est en cours de cr\u00e9ation. Nous avons d\u00fb mettre en pause les \u00e9tapes de finalisation de la production\u00a0 en raison d&rsquo;une tourn\u00e9e spectacle qui nous occupe en Afrique durant tout ce mois de d\u00e9cembre.Promis, d\u00e8s notre retours, on s&rsquo;en occupe. Merci de v\u00f4tre compr\u00e9hension. N&rsquo;h\u00e9sitez pas \u00e0 vous abonner sur notre page Facebook .D\u00e8s [&hellip;]<\/p>\n","protected":false},"author":1,"featured_media":0,"parent":0,"menu_order":0,"comment_status":"closed","ping_status":"closed","template":"","meta":{"_et_pb_use_builder":"on","_et_pb_old_content":"","_et_gb_content_width":"","footnotes":""},"class_list":["post-3040","page","type-page","status-publish","hentry"],"_links":{"self":[{"href":"https:\/\/lesfablesdechycpolhit.maxopieces.com\/index.php\/wp-json\/wp\/v2\/pages\/3040"}],"collection":[{"href":"https:\/\/lesfablesdechycpolhit.maxopieces.com\/index.php\/wp-json\/wp\/v2\/pages"}],"about":[{"href":"https:\/\/lesfablesdechycpolhit.maxopieces.com\/index.php\/wp-json\/wp\/v2\/types\/page"}],"author":[{"embeddable":true,"href":"https:\/\/lesfablesdechycpolhit.maxopieces.com\/index.php\/wp-json\/wp\/v2\/users\/1"}],"replies":[{"embeddable":true,"href":"https:\/\/lesfablesdechycpolhit.maxopieces.com\/index.php\/wp-json\/wp\/v2\/comments?post=3040"}],"version-history":[{"count":8,"href":"https:\/\/lesfablesdechycpolhit.maxopieces.com\/index.php\/wp-json\/wp\/v2\/pages\/3040\/revisions"}],"predecessor-version":[{"id":3163,"href":"https:\/\/lesfablesdechycpolhit.maxopieces.com\/index.php\/wp-json\/wp\/v2\/pages\/3040\/revisions\/3163"}],"wp:attachment":[{"href":"https:\/\/lesfablesdechycpolhit.maxopieces.com\/index.php\/wp-json\/wp\/v2\/media?parent=3040"}],"curies":[{"name":"wp","href":"https:\/\/api.w.org\/{rel}","templated":true}]}}